{"id":3764,"date":"2025-06-29T18:26:47","date_gmt":"2025-06-29T18:26:47","guid":{"rendered":"https:\/\/belel.com\/?page_id=3764"},"modified":"2025-07-04T00:22:31","modified_gmt":"2025-07-04T00:22:31","slug":"contact","status":"publish","type":"page","link":"https:\/\/belel.com\/en\/contact\/","title":{"rendered":"Contact"},"content":{"rendered":"\t\t<div data-elementor-type=\"wp-page\" data-elementor-id=\"3764\" class=\"elementor elementor-3764\">\n\t\t\t\t<section class=\"elementor-element elementor-element-e9beab6 e-con-full e-flex e-con e-parent\" data-id=\"e9beab6\" data-element_type=\"container\" data-e-type=\"container\" data-settings=\"{&quot;background_background&quot;:&quot;slideshow&quot;,&quot;background_slideshow_gallery&quot;:[{&quot;id&quot;:1719,&quot;url&quot;:&quot;https:\\\/\\\/belel.com\\\/wp-content\\\/uploads\\\/2025\\\/06\\\/degrade-hero.png&quot;}],&quot;background_slideshow_loop&quot;:&quot;yes&quot;,&quot;background_slideshow_slide_duration&quot;:5000,&quot;background_slideshow_slide_transition&quot;:&quot;fade&quot;,&quot;background_slideshow_transition_duration&quot;:500}\">\n\t\t<div class=\"elementor-element elementor-element-a06a791 e-flex e-con-boxed e-con e-child\" data-id=\"a06a791\" data-element_type=\"container\" data-e-type=\"container\">\n\t\t\t\t\t<div class=\"e-con-inner\">\n\t\t\t\t<div class=\"elementor-element elementor-element-6d9fb64 elementor-widget elementor-widget-hfe-breadcrumbs-widget\" data-id=\"6d9fb64\" data-element_type=\"widget\" data-e-type=\"widget\" data-widget_type=\"hfe-breadcrumbs-widget.default\">\n\t\t\t\t<div class=\"elementor-widget-container\">\n\t\t\t\t\t<nav aria-label=\"Breadcrumb\"><ul class=\"hfe-breadcrumbs hfe-breadcrumbs-show-home\"><li class=\"hfe-breadcrumbs-item hfe-breadcrumbs-first\"><span class=\"hfe-breadcrumbs-home-icon\"><svg aria-hidden=\"true\" class=\"e-font-icon-svg e-fas-home\" viewBox=\"0 0 576 512\" xmlns=\"http:\/\/www.w3.org\/2000\/svg\"><path d=\"M280.37 148.26L96 300.11V464a16 16 0 0 0 16 16l112.06-.29a16 16 0 0 0 15.92-16V368a16 16 0 0 1 16-16h64a16 16 0 0 1 16 16v95.64a16 16 0 0 0 16 16.05L464 480a16 16 0 0 0 16-16V300L295.67 148.26a12.19 12.19 0 0 0-15.3 0zM571.6 251.47L488 182.56V44.05a12 12 0 0 0-12-12h-56a12 12 0 0 0-12 12v72.61L318.47 43a48 48 0 0 0-61 0L4.34 251.47a12 12 0 0 0-1.6 16.9l25.5 31A12 12 0 0 0 45.15 301l235.22-193.74a12.19 12.19 0 0 1 15.3 0L530.9 301a12 12 0 0 0 16.9-1.6l25.5-31a12 12 0 0 0-1.7-16.93z\"><\/path><\/svg><\/span><a href=\"https:\/\/belel.com\/en\"><span class=\"hfe-breadcrumbs-text\">ACCUEIL<\/span><\/a><\/li><\/ul><\/nav>\t\t\t\t<\/div>\n\t\t\t\t<\/div>\n\t\t\t\t\t<\/div>\n\t\t\t\t<\/div>\n\t\t<div class=\"elementor-element elementor-element-9c952ea e-flex e-con-boxed e-con e-child\" data-id=\"9c952ea\" data-element_type=\"container\" data-e-type=\"container\">\n\t\t\t\t\t<div class=\"e-con-inner\">\n\t\t\t\t<div class=\"elementor-element elementor-element-cbda107 animated-slow elementor-invisible elementor-widget elementor-widget-heading\" data-id=\"cbda107\" data-element_type=\"widget\" data-e-type=\"widget\" data-settings=\"{&quot;_animation&quot;:&quot;fadeIn&quot;}\" data-widget_type=\"heading.default\">\n\t\t\t\t<div class=\"elementor-widget-container\">\n\t\t\t\t\t<h2 class=\"elementor-heading-title elementor-size-default\">CONTACTEZ-nous<\/h2>\t\t\t\t<\/div>\n\t\t\t\t<\/div>\n\t\t\t\t<div class=\"elementor-element elementor-element-27a170e animated-slow elementor-invisible elementor-widget elementor-widget-heading\" data-id=\"27a170e\" data-element_type=\"widget\" data-e-type=\"widget\" data-settings=\"{&quot;_animation&quot;:&quot;fadeIn&quot;}\" data-widget_type=\"heading.default\">\n\t\t\t\t<div class=\"elementor-widget-container\">\n\t\t\t\t\t<h2 class=\"elementor-heading-title elementor-size-default\">Transformons ensemble vos ambitions en r\u00e9alisations<\/h2>\t\t\t\t<\/div>\n\t\t\t\t<\/div>\n\t\t\t\t<div class=\"elementor-element elementor-element-70ce558 elementor-align-center elementor-icon-list--layout-inline elementor-list-item-link-full_width elementor-widget elementor-widget-icon-list\" data-id=\"70ce558\" data-element_type=\"widget\" data-e-type=\"widget\" data-widget_type=\"icon-list.default\">\n\t\t\t\t<div class=\"elementor-widget-container\">\n\t\t\t\t\t\t\t<ul class=\"elementor-icon-list-items elementor-inline-items\">\n\t\t\t\t\t\t\t<li class=\"elementor-icon-list-item elementor-inline-item\">\n\t\t\t\t\t\t\t\t\t\t\t<span class=\"elementor-icon-list-icon\">\n\t\t\t\t\t\t\t<svg xmlns=\"http:\/\/www.w3.org\/2000\/svg\" xmlns:xlink=\"http:\/\/www.w3.org\/1999\/xlink\" width=\"500\" viewBox=\"0 0 375 374.999991\" height=\"500\" preserveAspectRatio=\"xMidYMid meet\"><defs><clipPath id=\"603e46ff4e\"><path d=\"M 115 78.769531 L 260 78.769531 L 260 296.269531 L 115 296.269531 Z M 115 78.769531 \"><\/path><\/clipPath><\/defs><g id=\"a05250faa4\"><g clip-rule=\"nonzero\" clip-path=\"url(#603e46ff4e)\"><path style=\" stroke:none;fill-rule:nonzero;fill:#ffffff;fill-opacity:1;\" d=\"M 187.488281 78.769531 C 147.453125 78.769531 115.003906 111.222656 115.003906 151.253906 C 115.003906 164.84375 118.742188 177.550781 125.246094 188.421875 L 187.484375 296.230469 L 249.773438 188.34375 C 256.246094 177.496094 259.96875 164.8125 259.96875 151.257812 C 259.972656 111.222656 227.519531 78.769531 187.488281 78.769531 Z M 187.488281 175.511719 C 174.089844 175.511719 163.230469 164.652344 163.234375 151.253906 C 163.234375 137.859375 174.09375 127 187.488281 127 C 200.886719 127 211.746094 137.859375 211.746094 151.253906 C 211.746094 164.652344 200.886719 175.511719 187.488281 175.511719 Z M 187.488281 175.511719 \"><\/path><\/g><\/g><\/svg>\t\t\t\t\t\t<\/span>\n\t\t\t\t\t\t\t\t\t\t<span class=\"elementor-icon-list-text\">Yoff Virage, Cit\u00e9 Biagui<\/span>\n\t\t\t\t\t\t\t\t\t<\/li>\n\t\t\t\t\t\t\t\t<li class=\"elementor-icon-list-item elementor-inline-item\">\n\t\t\t\t\t\t\t\t\t\t\t<span class=\"elementor-icon-list-icon\">\n\t\t\t\t\t\t\t<svg xmlns=\"http:\/\/www.w3.org\/2000\/svg\" xmlns:xlink=\"http:\/\/www.w3.org\/1999\/xlink\" width=\"500\" viewBox=\"0 0 375 374.999991\" height=\"500\" preserveAspectRatio=\"xMidYMid meet\"><defs><clipPath id=\"b8f84aaef1\"><path d=\"M 85.265625 78.769531 L 302.765625 78.769531 L 302.765625 296.269531 L 85.265625 296.269531 Z M 85.265625 78.769531 \"><\/path><\/clipPath><\/defs><g id=\"bfcce62664\"><g clip-rule=\"nonzero\" clip-path=\"url(#b8f84aaef1)\"><path style=\" stroke:none;fill-rule:nonzero;fill:#ffffff;fill-opacity:1;\" d=\"M 300.027344 238.402344 C 301.617188 242.644531 302.542969 247.199219 302.683594 251.964844 C 302.71875 252.421875 302.71875 252.875 302.71875 253.34375 C 302.71875 277.019531 283.511719 296.222656 259.839844 296.222656 C 163.421875 296.222656 85.265625 218.0625 85.265625 121.644531 C 85.265625 97.972656 104.46875 78.769531 128.140625 78.769531 C 128.613281 78.769531 129.066406 78.769531 129.519531 78.804688 C 134.285156 78.945312 138.859375 79.871094 143.101562 81.457031 L 159.199219 151.148438 C 159.199219 151.183594 159.179688 151.199219 159.144531 151.21875 L 129.625 164.484375 L 129.539062 164.519531 C 143.085938 205.773438 175.714844 238.402344 216.964844 251.949219 L 217 251.863281 L 230.285156 222.324219 L 300.027344 238.402344 \"><\/path><\/g><\/g><\/svg>\t\t\t\t\t\t<\/span>\n\t\t\t\t\t\t\t\t\t\t<span class=\"elementor-icon-list-text\">+221 33 868 21 91<\/span>\n\t\t\t\t\t\t\t\t\t<\/li>\n\t\t\t\t\t\t\t\t<li class=\"elementor-icon-list-item elementor-inline-item\">\n\t\t\t\t\t\t\t\t\t\t\t<span class=\"elementor-icon-list-icon\">\n\t\t\t\t\t\t\t<svg xmlns=\"http:\/\/www.w3.org\/2000\/svg\" xmlns:xlink=\"http:\/\/www.w3.org\/1999\/xlink\" width=\"500\" viewBox=\"0 0 375 374.999991\" height=\"500\" preserveAspectRatio=\"xMidYMid meet\"><defs><clipPath id=\"2d40847690\"><path d=\"M 36.597656 79.414062 L 338.097656 79.414062 L 338.097656 295.414062 L 36.597656 295.414062 Z M 36.597656 79.414062 \"><\/path><\/clipPath><\/defs><g id=\"6d2bd0a023\"><g clip-rule=\"nonzero\" clip-path=\"url(#2d40847690)\"><path style=\" stroke:none;fill-rule:nonzero;fill:#ffffff;fill-opacity:1;\" d=\"M 224.777344 197.863281 L 331.230469 289.207031 C 327.453125 292.984375 322.300781 295.042969 316.464844 295.042969 L 58.230469 295.042969 C 52.394531 295.042969 47.242188 292.984375 43.464844 289.207031 L 149.917969 197.863281 L 187.347656 230.484375 Z M 331.230469 85.574219 C 327.453125 81.796875 322.300781 79.734375 316.464844 79.734375 L 58.230469 79.734375 C 52.394531 79.734375 47.242188 81.796875 43.464844 85.574219 L 187.347656 209.195312 Z M 36.597656 98.621094 L 36.597656 277.53125 L 140.644531 188.933594 Z M 234.050781 189.277344 L 338.097656 277.875 L 338.097656 98.621094 Z M 234.050781 189.277344 \"><\/path><\/g><\/g><\/svg>\t\t\t\t\t\t<\/span>\n\t\t\t\t\t\t\t\t\t\t<span class=\"elementor-icon-list-text\">info@belelgroup.com<\/span>\n\t\t\t\t\t\t\t\t\t<\/li>\n\t\t\t\t\t\t<\/ul>\n\t\t\t\t\t\t<\/div>\n\t\t\t\t<\/div>\n\t\t\t\t\t<\/div>\n\t\t\t\t<\/div>\n\t\t\t\t<\/section>\n\t\t<div class=\"elementor-element elementor-element-ffc02dc e-flex e-con-boxed e-con e-parent\" data-id=\"ffc02dc\" data-element_type=\"container\" data-e-type=\"container\">\n\t\t\t\t\t<div class=\"e-con-inner\">\n\t\t<div class=\"elementor-element elementor-element-a946ae7 e-con-full e-flex e-con e-child\" data-id=\"a946ae7\" data-element_type=\"container\" data-e-type=\"container\">\n\t\t\t\t<div class=\"elementor-element elementor-element-42a4f24 elementor-widget elementor-widget-shortcode\" data-id=\"42a4f24\" data-element_type=\"widget\" data-e-type=\"widget\" data-widget_type=\"shortcode.default\">\n\t\t\t\t<div class=\"elementor-widget-container\">\n\t\t\t\t\t\t\t<div class=\"elementor-shortcode\"><div class=\"forminator-ui forminator-custom-form forminator-custom-form-4754 forminator-design--basic  forminator_ajax\" data-forminator-render=\"0\" data-form=\"forminator-module-4754\" data-uid=\"69ea49e7d1435\"><br\/><\/div><form\n\t\t\t\tid=\"forminator-module-4754\"\n\t\t\t\tclass=\"forminator-ui forminator-custom-form forminator-custom-form-4754 forminator-design--basic  forminator_ajax\"\n\t\t\t\tmethod=\"post\"\n\t\t\t\tdata-forminator-render=\"0\"\n\t\t\t\tdata-form-id=\"4754\"\n\t\t\t\t data-color-option=\"theme\" data-design=\"basic\" data-grid=\"open\" style=\"display: none;\"\n\t\t\t\tdata-uid=\"69ea49e7d1435\"\n\t\t\t><div role=\"alert\" aria-live=\"polite\" class=\"forminator-response-message forminator-error\" aria-hidden=\"true\"><\/div><div class=\"forminator-row\"><div id=\"name-1\" class=\"forminator-field-name forminator-col forminator-col-12 \"><div class=\"forminator-field\"><label for=\"forminator-field-name-1_69ea49e7d1435\" id=\"forminator-field-name-1_69ea49e7d1435-label\" class=\"forminator-label\">Nom <span class=\"forminator-required\">*<\/span><\/label><input type=\"text\" name=\"name-1\" value=\"\" placeholder=\"\" id=\"forminator-field-name-1_69ea49e7d1435\" class=\"forminator-input forminator-name--field\" aria-required=\"true\" autocomplete=\"name\" \/><\/div><\/div><\/div><div class=\"forminator-row\"><div id=\"email-1\" class=\"forminator-field-email forminator-col forminator-col-12 \"><div class=\"forminator-field\"><label for=\"forminator-field-email-1_69ea49e7d1435\" id=\"forminator-field-email-1_69ea49e7d1435-label\" class=\"forminator-label\">E-mail <span class=\"forminator-required\">*<\/span><\/label><input type=\"email\" name=\"email-1\" value=\"\" placeholder=\"\" id=\"forminator-field-email-1_69ea49e7d1435\" class=\"forminator-input forminator-email--field\" data-required=\"true\" aria-required=\"true\" autocomplete=\"email\" \/><\/div><\/div><\/div><div class=\"forminator-row\"><div id=\"textarea-1\" class=\"forminator-field-textarea forminator-col forminator-col-12 \"><div class=\"forminator-field\"><label for=\"forminator-field-textarea-1_69ea49e7d1435\" id=\"forminator-field-textarea-1_69ea49e7d1435-label\" class=\"forminator-label\">Message<\/label><span id=\"forminator-field-textarea-1_69ea49e7d1435-description\" class=\"forminator-description\"><span data-limit=\"180\" data-type=\"characters\" data-editor=\"\">0 \/ 180<\/span><\/span><textarea name=\"textarea-1\" placeholder=\"\" id=\"forminator-field-textarea-1_69ea49e7d1435\" class=\"forminator-textarea\" rows=\"6\" style=\"--forminator-textarea-min-height:140px;\" maxlength=\"180\" ><\/textarea><\/div><\/div><\/div><input type=\"hidden\" name=\"referer_url\" value=\"\" \/><div class=\"forminator-row forminator-row-last\"><div class=\"forminator-col\"><div class=\"forminator-field\"><button class=\"forminator-button forminator-button-submit\">Envoyer<\/button><\/div><\/div><\/div><input type=\"hidden\" id=\"forminator_nonce\" name=\"forminator_nonce\" value=\"6cf4be56d0\" \/><input type=\"hidden\" name=\"_wp_http_referer\" value=\"\/en\/wp-json\/wp\/v2\/pages\/3764\" \/><input type=\"hidden\" name=\"form_id\" value=\"4754\"><input type=\"hidden\" name=\"page_id\" value=\"3764\"><input type=\"hidden\" name=\"form_type\" value=\"default\"><input type=\"hidden\" name=\"current_url\" value=\"https:\/\/belel.com\/en\/contact\/\"><input type=\"hidden\" name=\"render_id\" value=\"0\"><input type=\"hidden\" name=\"action\" value=\"forminator_submit_form_custom-forms\"><\/form><\/div>\n\t\t\t\t\t\t<\/div>\n\t\t\t\t<\/div>\n\t\t\t\t<\/div>\n\t\t<div class=\"elementor-element elementor-element-8a6a856 e-con-full e-flex e-con e-child\" data-id=\"8a6a856\" data-element_type=\"container\" data-e-type=\"container\">\n\t\t\t\t<div class=\"elementor-element elementor-element-4a640af elementor-widget elementor-widget-eael-adv-accordion\" data-id=\"4a640af\" data-element_type=\"widget\" data-e-type=\"widget\" data-widget_type=\"eael-adv-accordion.default\">\n\t\t\t\t<div class=\"elementor-widget-container\">\n\t\t\t\t\t            <div class=\"eael-adv-accordion\" id=\"eael-adv-accordion-4a640af\" data-scroll-on-click=\"no\" data-scroll-speed=\"300\" data-accordion-id=\"4a640af\" data-accordion-type=\"accordion\" data-toogle-speed=\"300\">\n            <div class=\"eael-accordion-list\">\n\t\t\t\t\t<div id=\"quels-sont-les-secteurs-dactivit-de-belel-group-\" class=\"elementor-tab-title eael-accordion-header\" tabindex=\"0\" data-tab=\"1\" aria-controls=\"elementor-tab-content-7801\"><span class=\"eael-advanced-accordion-icon-closed\"><\/span><span class=\"eael-advanced-accordion-icon-opened\"><\/span><span class=\"eael-accordion-tab-title\">Quels sont les secteurs d'activit\u00e9 de Belel Group ?<\/span><svg aria-hidden=\"true\" class=\"fa-toggle e-font-icon-svg e-fas-angle-down\" viewBox=\"0 0 320 512\" xmlns=\"http:\/\/www.w3.org\/2000\/svg\"><path d=\"M143 352.3L7 216.3c-9.4-9.4-9.4-24.6 0-33.9l22.6-22.6c9.4-9.4 24.6-9.4 33.9 0l96.4 96.4 96.4-96.4c9.4-9.4 24.6-9.4 33.9 0l22.6 22.6c9.4 9.4 9.4 24.6 0 33.9l-136 136c-9.2 9.4-24.4 9.4-33.8 0z\"><\/path><\/svg><\/div><div id=\"elementor-tab-content-7801\" class=\"eael-accordion-content clearfix\" data-tab=\"1\" aria-labelledby=\"quels-sont-les-secteurs-dactivit-de-belel-group-\"><p class=\"whitespace-normal break-words\">Nos activit\u00e9s couvrent trois domaines principaux : le b\u00e2timent et g\u00e9nie civil, les travaux publics et infrastructures, et la promotion immobili\u00e8re. Nous intervenons \u00e9galement dans la logistique, l&rsquo;ing\u00e9nierie et l&rsquo;exploitation mini\u00e8re.<\/p><\/div>\n\t\t\t\t\t<\/div><div class=\"eael-accordion-list\">\n\t\t\t\t\t<div id=\"dans-quels-pays-intervenez-vous-\" class=\"elementor-tab-title eael-accordion-header\" tabindex=\"0\" data-tab=\"2\" aria-controls=\"elementor-tab-content-7802\"><span class=\"eael-advanced-accordion-icon-closed\"><\/span><span class=\"eael-advanced-accordion-icon-opened\"><\/span><span class=\"eael-accordion-tab-title\">Dans quels pays intervenez-vous ?<\/span><svg aria-hidden=\"true\" class=\"fa-toggle e-font-icon-svg e-fas-angle-down\" viewBox=\"0 0 320 512\" xmlns=\"http:\/\/www.w3.org\/2000\/svg\"><path d=\"M143 352.3L7 216.3c-9.4-9.4-9.4-24.6 0-33.9l22.6-22.6c9.4-9.4 24.6-9.4 33.9 0l96.4 96.4 96.4-96.4c9.4-9.4 24.6-9.4 33.9 0l22.6 22.6c9.4 9.4 9.4 24.6 0 33.9l-136 136c-9.2 9.4-24.4 9.4-33.8 0z\"><\/path><\/svg><\/div><div id=\"elementor-tab-content-7802\" class=\"eael-accordion-content clearfix\" data-tab=\"2\" aria-labelledby=\"dans-quels-pays-intervenez-vous-\"><p class=\"whitespace-normal break-words\">Nous d\u00e9ployons notre expertise principalement en Afrique, avec des projets \u00e9galement en Am\u00e9rique. Notre si\u00e8ge est bas\u00e9 \u00e0 Dakar et nous accompagnons le d\u00e9veloppement continental.<\/p><\/div>\n\t\t\t\t\t<\/div><div class=\"eael-accordion-list\">\n\t\t\t\t\t<div id=\"comment-garantissez-vous-la-scurit-sur-vos-chantiers-\" class=\"elementor-tab-title eael-accordion-header\" tabindex=\"0\" data-tab=\"3\" aria-controls=\"elementor-tab-content-7803\"><span class=\"eael-advanced-accordion-icon-closed\"><\/span><span class=\"eael-advanced-accordion-icon-opened\"><\/span><span class=\"eael-accordion-tab-title\">Comment garantissez-vous la s\u00e9curit\u00e9 sur vos chantiers ?<\/span><svg aria-hidden=\"true\" class=\"fa-toggle e-font-icon-svg e-fas-angle-down\" viewBox=\"0 0 320 512\" xmlns=\"http:\/\/www.w3.org\/2000\/svg\"><path d=\"M143 352.3L7 216.3c-9.4-9.4-9.4-24.6 0-33.9l22.6-22.6c9.4-9.4 24.6-9.4 33.9 0l96.4 96.4 96.4-96.4c9.4-9.4 24.6-9.4 33.9 0l22.6 22.6c9.4 9.4 9.4 24.6 0 33.9l-136 136c-9.2 9.4-24.4 9.4-33.8 0z\"><\/path><\/svg><\/div><div id=\"elementor-tab-content-7803\" class=\"eael-accordion-content clearfix\" data-tab=\"3\" aria-labelledby=\"comment-garantissez-vous-la-scurit-sur-vos-chantiers-\"><p class=\"whitespace-normal break-words\">La s\u00e9curit\u00e9 est notre priorit\u00e9 absolue. Nous appliquons des protocoles rigoureux, organisons des formations continues et utilisons des \u00e9quipements de pointe pour prot\u00e9ger nos \u00e9quipes et vos investissements.<\/p><h2 class=\"text-xl font-bold text-text-100 mt-1 -mb-0.5\">\u00a0<\/h2><\/div>\n\t\t\t\t\t<\/div><div class=\"eael-accordion-list\">\n\t\t\t\t\t<div id=\"quelle-est-votre-approche-qualit-\" class=\"elementor-tab-title eael-accordion-header\" tabindex=\"0\" data-tab=\"4\" aria-controls=\"elementor-tab-content-7804\"><span class=\"eael-advanced-accordion-icon-closed\"><\/span><span class=\"eael-advanced-accordion-icon-opened\"><\/span><span class=\"eael-accordion-tab-title\">Quelle est votre approche qualit\u00e9 ?<\/span><svg aria-hidden=\"true\" class=\"fa-toggle e-font-icon-svg e-fas-angle-down\" viewBox=\"0 0 320 512\" xmlns=\"http:\/\/www.w3.org\/2000\/svg\"><path d=\"M143 352.3L7 216.3c-9.4-9.4-9.4-24.6 0-33.9l22.6-22.6c9.4-9.4 24.6-9.4 33.9 0l96.4 96.4 96.4-96.4c9.4-9.4 24.6-9.4 33.9 0l22.6 22.6c9.4 9.4 9.4 24.6 0 33.9l-136 136c-9.2 9.4-24.4 9.4-33.8 0z\"><\/path><\/svg><\/div><div id=\"elementor-tab-content-7804\" class=\"eael-accordion-content clearfix\" data-tab=\"4\" aria-labelledby=\"quelle-est-votre-approche-qualit-\"><p class=\"whitespace-normal break-words\">Tous nos projets sont supervis\u00e9s selon les principes de gestion de qualit\u00e9 totale (TQM). Nous garantissons le respect des d\u00e9lais, budgets et standards de qualit\u00e9 les plus exigeants.<\/p><h2 class=\"text-xl font-bold text-text-100 mt-1 -mb-0.5\">\u00a0<\/h2><\/div>\n\t\t\t\t\t<\/div><div class=\"eael-accordion-list\">\n\t\t\t\t\t<div id=\"quels-types-de-projets-ralisez-vous-\" class=\"elementor-tab-title eael-accordion-header\" tabindex=\"0\" data-tab=\"5\" aria-controls=\"elementor-tab-content-7805\"><span class=\"eael-advanced-accordion-icon-closed\"><\/span><span class=\"eael-advanced-accordion-icon-opened\"><\/span><span class=\"eael-accordion-tab-title\">Quels types de projets r\u00e9alisez-vous ?<\/span><svg aria-hidden=\"true\" class=\"fa-toggle e-font-icon-svg e-fas-angle-down\" viewBox=\"0 0 320 512\" xmlns=\"http:\/\/www.w3.org\/2000\/svg\"><path d=\"M143 352.3L7 216.3c-9.4-9.4-9.4-24.6 0-33.9l22.6-22.6c9.4-9.4 24.6-9.4 33.9 0l96.4 96.4 96.4-96.4c9.4-9.4 24.6-9.4 33.9 0l22.6 22.6c9.4 9.4 9.4 24.6 0 33.9l-136 136c-9.2 9.4-24.4 9.4-33.8 0z\"><\/path><\/svg><\/div><div id=\"elementor-tab-content-7805\" class=\"eael-accordion-content clearfix\" data-tab=\"5\" aria-labelledby=\"quels-types-de-projets-ralisez-vous-\"><p class=\"whitespace-normal break-words\">Nous intervenons sur des projets d&rsquo;infrastructures strat\u00e9giques, b\u00e2timents d&rsquo;exception, travaux publics, d\u00e9veloppements immobiliers et projets d&rsquo;ing\u00e9nierie complexes. Notre expertise couvre toute la cha\u00eene de valeur.<\/p><h2 class=\"text-xl font-bold text-text-100 mt-1 -mb-0.5\">\u00a0<\/h2><\/div>\n\t\t\t\t\t<\/div><div class=\"eael-accordion-list\">\n\t\t\t\t\t<div id=\"quelle-est-votre-mthode-de-travail-\" class=\"elementor-tab-title eael-accordion-header\" tabindex=\"0\" data-tab=\"6\" aria-controls=\"elementor-tab-content-7806\"><span class=\"eael-advanced-accordion-icon-closed\"><\/span><span class=\"eael-advanced-accordion-icon-opened\"><\/span><span class=\"eael-accordion-tab-title\">Quelle est votre m\u00e9thode de travail ?<\/span><svg aria-hidden=\"true\" class=\"fa-toggle e-font-icon-svg e-fas-angle-down\" viewBox=\"0 0 320 512\" xmlns=\"http:\/\/www.w3.org\/2000\/svg\"><path d=\"M143 352.3L7 216.3c-9.4-9.4-9.4-24.6 0-33.9l22.6-22.6c9.4-9.4 24.6-9.4 33.9 0l96.4 96.4 96.4-96.4c9.4-9.4 24.6-9.4 33.9 0l22.6 22.6c9.4 9.4 9.4 24.6 0 33.9l-136 136c-9.2 9.4-24.4 9.4-33.8 0z\"><\/path><\/svg><\/div><div id=\"elementor-tab-content-7806\" class=\"eael-accordion-content clearfix\" data-tab=\"6\" aria-labelledby=\"quelle-est-votre-mthode-de-travail-\"><p class=\"whitespace-normal break-words\">Nos \u00e9quipes d&rsquo;ing\u00e9nieurs et techniciens suivent une m\u00e9thode commune informatis\u00e9e. Nous privil\u00e9gions une approche int\u00e9gr\u00e9e, de la conception \u00e0 la livraison, avec un suivi rigoureux \u00e0 chaque \u00e9tape.<\/p><\/div>\n\t\t\t\t\t<\/div><div class=\"eael-accordion-list\">\n\t\t\t\t\t<div id=\"comment-puis-je-dmarrer-un-projet-avec-vous-\" class=\"elementor-tab-title eael-accordion-header\" tabindex=\"0\" data-tab=\"7\" aria-controls=\"elementor-tab-content-7807\"><span class=\"eael-advanced-accordion-icon-closed\"><\/span><span class=\"eael-advanced-accordion-icon-opened\"><\/span><span class=\"eael-accordion-tab-title\">Comment puis-je d\u00e9marrer un projet avec vous ?<\/span><svg aria-hidden=\"true\" class=\"fa-toggle e-font-icon-svg e-fas-angle-down\" viewBox=\"0 0 320 512\" xmlns=\"http:\/\/www.w3.org\/2000\/svg\"><path d=\"M143 352.3L7 216.3c-9.4-9.4-9.4-24.6 0-33.9l22.6-22.6c9.4-9.4 24.6-9.4 33.9 0l96.4 96.4 96.4-96.4c9.4-9.4 24.6-9.4 33.9 0l22.6 22.6c9.4 9.4 9.4 24.6 0 33.9l-136 136c-9.2 9.4-24.4 9.4-33.8 0z\"><\/path><\/svg><\/div><div id=\"elementor-tab-content-7807\" class=\"eael-accordion-content clearfix\" data-tab=\"7\" aria-labelledby=\"comment-puis-je-dmarrer-un-projet-avec-vous-\"><div><div class=\"grid-cols-1 grid gap-2.5 [&amp;_&gt;_*]:min-w-0 !gap-3.5\"><p class=\"whitespace-normal break-words\">Contactez nos experts pour discuter de vos besoins. Nous r\u00e9alisons un audit de votre projet et vous proposons des solutions sur mesure adapt\u00e9es \u00e0 vos objectifs et contraintes.<\/p><\/div><\/div><\/div>\n\t\t\t\t\t<\/div><\/div>\t\t\t\t<\/div>\n\t\t\t\t<\/div>\n\t\t\t\t<\/div>\n\t\t\t\t\t<\/div>\n\t\t\t\t<\/div>\n\t\t\t\t<\/div>\n\t\t","protected":false},"excerpt":{"rendered":"<p>ACCUEIL CONTACTEZ-nous Transformons ensemble vos ambitions en r\u00e9alisations Yoff Virage, Cit\u00e9 Biagui +221 33 868 21 91 info@belelgroup.com Quels sont les secteurs d&rsquo;activit\u00e9 de Belel Group ? Nos activit\u00e9s couvrent trois domaines principaux : le b\u00e2timent et g\u00e9nie civil, les travaux publics et infrastructures, et la promotion immobili\u00e8re. Nous intervenons \u00e9galement dans la logistique, l&#8217;ing\u00e9nierie [&hellip;]<\/p>\n","protected":false},"author":1,"featured_media":0,"parent":0,"menu_order":0,"comment_status":"closed","ping_status":"closed","template":"elementor_header_footer","meta":{"footnotes":""},"class_list":["post-3764","page","type-page","status-publish","hentry"],"_links":{"self":[{"href":"https:\/\/belel.com\/en\/wp-json\/wp\/v2\/pages\/3764","targetHints":{"allow":["GET"]}}],"collection":[{"href":"https:\/\/belel.com\/en\/wp-json\/wp\/v2\/pages"}],"about":[{"href":"https:\/\/belel.com\/en\/wp-json\/wp\/v2\/types\/page"}],"author":[{"embeddable":true,"href":"https:\/\/belel.com\/en\/wp-json\/wp\/v2\/users\/1"}],"replies":[{"embeddable":true,"href":"https:\/\/belel.com\/en\/wp-json\/wp\/v2\/comments?post=3764"}],"version-history":[{"count":180,"href":"https:\/\/belel.com\/en\/wp-json\/wp\/v2\/pages\/3764\/revisions"}],"predecessor-version":[{"id":5379,"href":"https:\/\/belel.com\/en\/wp-json\/wp\/v2\/pages\/3764\/revisions\/5379"}],"wp:attachment":[{"href":"https:\/\/belel.com\/en\/wp-json\/wp\/v2\/media?parent=3764"}],"curies":[{"name":"wp","href":"https:\/\/api.w.org\/{rel}","templated":true}]}}